{"id":2870,"date":"2024-02-10T12:53:06","date_gmt":"2024-02-10T11:53:06","guid":{"rendered":"https:\/\/secretgarden-yoga.ch\/?post_type=product&#038;p=2870"},"modified":"2024-02-10T21:16:01","modified_gmt":"2024-02-10T20:16:01","slug":"gutscheine-fuer-einzelne-yogastunden","status":"publish","type":"product","link":"https:\/\/secretgarden-yoga.ch\/en\/product\/gutscheine-fuer-einzelne-yogastunden\/","title":{"rendered":"Vouchers for Single Classes"},"content":{"rendered":"<p class=\"translation-block\">*Special events and workshops are excluded, but you can also get a voucher for these <a href=\"https:\/\/secretgarden-yoga.ch\/en\/?post_type=product&amp;p=2954&amp;preview=true\" target=\"_self\"><strong>HERE<\/strong><\/a>.<\/p>\n<p>&nbsp;<\/p>\n<p class=\"translation-block\">If you have any questions, please do not hesitate to contact us by e-mail at <a href=\"mailto:info@secretgarden-yoga.ch\" target=\"_self\">info@secretgarden-yoga.ch<\/a>.<\/p>\n<p>&nbsp;<\/p>\n<p class=\"translation-block\">Would you like to surprise someone with several yoga classes? Then it might be worth taking a look at our <strong><a href=\"https:\/\/secretgarden-yoga.ch\/en\/product\/10er-paket\/\" target=\"_self\">10 Pack <\/a><\/strong>.<\/p>\n<p>&nbsp;<\/p>\n<p class=\"translation-block\">Please note that the purchase of a voucher is final and no refund can be made for the voucher itself. Once the voucher has been used, the normal cancellation conditions apply. Read more about that <strong><a href=\"https:\/\/secretgarden-yoga.ch\/en\/impressum\/\" target=\"_self\">HERE<\/a><\/strong>.<\/p>","protected":false},"excerpt":{"rendered":"<p>*There's only one thing more precious than our time and that's who we spend it with.*<\/p>\n<p>&nbsp;<\/p>\n<p class=\"translation-block\">Would you like to make someone happy and surprise them with a yoga class for themselves or together with you? With us you can buy a voucher for any number of individual lessons. You will receive the voucher in form of a code, which can then be easily used to book the class on the website. We like it simple and fair, which is why our vouchers are valid for <strong>ALL yoga classes*<\/strong> and have <strong>NO expiration date<\/strong>.<\/p>","protected":false},"featured_media":2966,"comment_status":"open","ping_status":"closed","template":"","meta":{"site-sidebar-layout":"default","site-content-layout":"","ast-site-content-layout":"default","site-content-style":"default","site-sidebar-style":"default","ast-global-header-display":"","ast-banner-title-visibility":"","ast-main-header-display":"","ast-hfb-above-header-display":"","ast-hfb-below-header-display":"","ast-hfb-mobile-header-display":"","site-post-title":"","ast-breadcrumbs-content":"","ast-featured-img":"","footer-sml-layout":"","ast-disable-related-posts":"","theme-transparent-header-meta":"default","adv-header-id-meta":"","stick-header-meta":"","header-above-stick-meta":"","header-main-stick-meta":"","header-below-stick-meta":"","astra-migrate-meta-layouts":"set","ast-page-background-enabled":"default","ast-page-background-meta":{"desktop":{"background-color":"","background-image":"","background-repeat":"repeat","background-position":"center center","background-size":"auto","background-attachment":"scroll","background-type":"","background-media":"","overlay-type":"","overlay-color":"","overlay-opacity":"","overlay-gradient":""},"tablet":{"background-color":"","background-image":"","background-repeat":"repeat","background-position":"center center","background-size":"auto","background-attachment":"scroll","background-type":"","background-media":"","overlay-type":"","overlay-color":"","overlay-opacity":"","overlay-gradient":""},"mobile":{"background-color":"","background-image":"","background-repeat":"repeat","background-position":"center center","background-size":"auto","background-attachment":"scroll","background-type":"","background-media":"","overlay-type":"","overlay-color":"","overlay-opacity":"","overlay-gradient":""}},"ast-content-background-meta":{"desktop":{"background-color":"var(--ast-global-color-5)","background-image":"","background-repeat":"repeat","background-position":"center center","background-size":"auto","background-attachment":"scroll","background-type":"","background-media":"","overlay-type":"","overlay-color":"","overlay-opacity":"","overlay-gradient":""},"tablet":{"background-color":"var(--ast-global-color-5)","background-image":"","background-repeat":"repeat","background-position":"center center","background-size":"auto","background-attachment":"scroll","background-type":"","background-media":"","overlay-type":"","overlay-color":"","overlay-opacity":"","overlay-gradient":""},"mobile":{"background-color":"var(--ast-global-color-5)","background-image":"","background-repeat":"repeat","background-position":"center center","background-size":"auto","background-attachment":"scroll","background-type":"","background-media":"","overlay-type":"","overlay-color":"","overlay-opacity":"","overlay-gradient":""}}},"product_brand":[],"product_cat":[37],"product_tag":[],"class_list":{"0":"post-2870","1":"product","2":"type-product","3":"status-publish","4":"has-post-thumbnail","6":"product_cat-gutscheine","7":"desktop-align-left","8":"tablet-align-left","9":"mobile-align-left","11":"first","12":"instock","13":"virtual","14":"purchasable","15":"product-type-simple"},"yoast_head":"<!-- This site is optimized with the Yoast SEO plugin v27.0 - https:\/\/yoast.com\/product\/yoast-seo-wordpress\/ -->\n<title>Gutscheine f\u00fcr einzelne Yogastunden - Secret Garden Yoga Studio<\/title>\n<meta name=\"robots\" content=\"index, follow, max-snippet:-1, max-image-preview:large, max-video-preview:-1\" \/>\n<link rel=\"canonical\" href=\"https:\/\/secretgarden-yoga.ch\/en\/product\/gutscheine-fuer-einzelne-yogastunden\/\" \/>\n<meta property=\"og:locale\" content=\"en_US\" \/>\n<meta property=\"og:type\" content=\"article\" \/>\n<meta property=\"og:title\" content=\"Gutscheine f\u00fcr einzelne Yogastunden - Secret Garden Yoga Studio\" \/>\n<meta property=\"og:description\" content=\"*Zeit zu schenken ist das kostbarste Geschenk*  &nbsp;  M\u00f6chtest du jemandem eine Freude machen und sie oder ihn mit einer Yoga-Stunde \u00fcberraschen? Bei uns kannst du einen Gutschein f\u00fcr eine x-beliebige Anzahl an Einzelstunden kaufen. Den Gutschein erh\u00e4ltst du in Form eines Codes, welcher im Anschluss ganz einfach f\u00fcr die Buchung der Stunde auf der Webseite verwendet werden kann. Wir m\u00f6gen es einfach und fair, weshalb unsere Gutscheine auch f\u00fcr ALLE Yoga-Stunden* im Studio g\u00fcltig sind und KEIN Ablaufdatum haben.\" \/>\n<meta property=\"og:url\" content=\"https:\/\/secretgarden-yoga.ch\/en\/product\/gutscheine-fuer-einzelne-yogastunden\/\" \/>\n<meta property=\"og:site_name\" content=\"Secret Garden Yoga Studio\" \/>\n<meta property=\"article:publisher\" content=\"https:\/\/www.facebook.com\/secretgardenyogis\" \/>\n<meta property=\"article:modified_time\" content=\"2024-02-10T20:16:01+00:00\" \/>\n<meta property=\"og:image\" content=\"https:\/\/secretgarden-yoga.ch\/wp-content\/uploads\/2024\/02\/Gutschein.jpeg\" \/>\n\t<meta property=\"og:image:width\" content=\"1024\" \/>\n\t<meta property=\"og:image:height\" content=\"1024\" \/>\n\t<meta property=\"og:image:type\" content=\"image\/jpeg\" \/>\n<meta name=\"twitter:card\" content=\"summary_large_image\" \/>\n<script type=\"application\/ld+json\" class=\"yoast-schema-graph\">{\"@context\":\"https:\/\/schema.org\",\"@graph\":[{\"@type\":\"WebPage\",\"@id\":\"https:\/\/secretgarden-yoga.ch\/product\/gutscheine-fuer-einzelne-yogastunden\/\",\"url\":\"https:\/\/secretgarden-yoga.ch\/product\/gutscheine-fuer-einzelne-yogastunden\/\",\"name\":\"Gutscheine f\u00fcr einzelne Yogastunden - Secret Garden Yoga Studio\",\"isPartOf\":{\"@id\":\"https:\/\/secretgarden-yoga.ch\/#website\"},\"primaryImageOfPage\":{\"@id\":\"https:\/\/secretgarden-yoga.ch\/product\/gutscheine-fuer-einzelne-yogastunden\/#primaryimage\"},\"image\":{\"@id\":\"https:\/\/secretgarden-yoga.ch\/product\/gutscheine-fuer-einzelne-yogastunden\/#primaryimage\"},\"thumbnailUrl\":\"https:\/\/secretgarden-yoga.ch\/wp-content\/uploads\/2024\/02\/Gutschein.jpeg\",\"datePublished\":\"2024-02-10T11:53:06+00:00\",\"dateModified\":\"2024-02-10T20:16:01+00:00\",\"breadcrumb\":{\"@id\":\"https:\/\/secretgarden-yoga.ch\/product\/gutscheine-fuer-einzelne-yogastunden\/#breadcrumb\"},\"inLanguage\":\"en-US\",\"potentialAction\":[{\"@type\":\"ReadAction\",\"target\":[\"https:\/\/secretgarden-yoga.ch\/product\/gutscheine-fuer-einzelne-yogastunden\/\"]}]},{\"@type\":\"ImageObject\",\"inLanguage\":\"en-US\",\"@id\":\"https:\/\/secretgarden-yoga.ch\/product\/gutscheine-fuer-einzelne-yogastunden\/#primaryimage\",\"url\":\"https:\/\/secretgarden-yoga.ch\/wp-content\/uploads\/2024\/02\/Gutschein.jpeg\",\"contentUrl\":\"https:\/\/secretgarden-yoga.ch\/wp-content\/uploads\/2024\/02\/Gutschein.jpeg\",\"width\":1024,\"height\":1024},{\"@type\":\"BreadcrumbList\",\"@id\":\"https:\/\/secretgarden-yoga.ch\/product\/gutscheine-fuer-einzelne-yogastunden\/#breadcrumb\",\"itemListElement\":[{\"@type\":\"ListItem\",\"position\":1,\"name\":\"Home\",\"item\":\"https:\/\/secretgarden-yoga.ch\/\"},{\"@type\":\"ListItem\",\"position\":2,\"name\":\"Shop\",\"item\":\"https:\/\/secretgarden-yoga.ch\/shop\/\"},{\"@type\":\"ListItem\",\"position\":3,\"name\":\"Gutscheine f\u00fcr einzelne Yogastunden\"}]},{\"@type\":\"WebSite\",\"@id\":\"https:\/\/secretgarden-yoga.ch\/#website\",\"url\":\"https:\/\/secretgarden-yoga.ch\/\",\"name\":\"Secret Garden Yoga Studio\",\"description\":\"Eine gr\u00fcne Oase mitten in Basel\",\"publisher\":{\"@id\":\"https:\/\/secretgarden-yoga.ch\/#organization\"},\"potentialAction\":[{\"@type\":\"SearchAction\",\"target\":{\"@type\":\"EntryPoint\",\"urlTemplate\":\"https:\/\/secretgarden-yoga.ch\/?s={search_term_string}\"},\"query-input\":{\"@type\":\"PropertyValueSpecification\",\"valueRequired\":true,\"valueName\":\"search_term_string\"}}],\"inLanguage\":\"en-US\"},{\"@type\":\"Organization\",\"@id\":\"https:\/\/secretgarden-yoga.ch\/#organization\",\"name\":\"Secret Garden Yoga Studio\",\"url\":\"https:\/\/secretgarden-yoga.ch\/\",\"logo\":{\"@type\":\"ImageObject\",\"inLanguage\":\"en-US\",\"@id\":\"https:\/\/secretgarden-yoga.ch\/#\/schema\/logo\/image\/\",\"url\":\"https:\/\/secretgarden-yoga.ch\/wp-content\/uploads\/2022\/04\/lkbhWE01.svg\",\"contentUrl\":\"https:\/\/secretgarden-yoga.ch\/wp-content\/uploads\/2022\/04\/lkbhWE01.svg\",\"width\":1350,\"height\":798,\"caption\":\"Secret Garden Yoga Studio\"},\"image\":{\"@id\":\"https:\/\/secretgarden-yoga.ch\/#\/schema\/logo\/image\/\"},\"sameAs\":[\"https:\/\/www.facebook.com\/secretgardenyogis\",\"https:\/\/www.instagram.com\/secretgardenyogis\/\"]}]}<\/script>\n<!-- \/ Yoast SEO plugin. -->","yoast_head_json":{"title":"Gutscheine f\u00fcr einzelne Yogastunden - Secret Garden Yoga Studio","robots":{"index":"index","follow":"follow","max-snippet":"max-snippet:-1","max-image-preview":"max-image-preview:large","max-video-preview":"max-video-preview:-1"},"canonical":"https:\/\/secretgarden-yoga.ch\/en\/product\/gutscheine-fuer-einzelne-yogastunden\/","og_locale":"en_US","og_type":"article","og_title":"Gutscheine f\u00fcr einzelne Yogastunden - Secret Garden Yoga Studio","og_description":"*Zeit zu schenken ist das kostbarste Geschenk*  &nbsp;  M\u00f6chtest du jemandem eine Freude machen und sie oder ihn mit einer Yoga-Stunde \u00fcberraschen? Bei uns kannst du einen Gutschein f\u00fcr eine x-beliebige Anzahl an Einzelstunden kaufen. Den Gutschein erh\u00e4ltst du in Form eines Codes, welcher im Anschluss ganz einfach f\u00fcr die Buchung der Stunde auf der Webseite verwendet werden kann. Wir m\u00f6gen es einfach und fair, weshalb unsere Gutscheine auch f\u00fcr ALLE Yoga-Stunden* im Studio g\u00fcltig sind und KEIN Ablaufdatum haben.","og_url":"https:\/\/secretgarden-yoga.ch\/en\/product\/gutscheine-fuer-einzelne-yogastunden\/","og_site_name":"Secret Garden Yoga Studio","article_publisher":"https:\/\/www.facebook.com\/secretgardenyogis","article_modified_time":"2024-02-10T20:16:01+00:00","og_image":[{"width":1024,"height":1024,"url":"https:\/\/secretgarden-yoga.ch\/wp-content\/uploads\/2024\/02\/Gutschein.jpeg","type":"image\/jpeg"}],"twitter_card":"summary_large_image","schema":{"@context":"https:\/\/schema.org","@graph":[{"@type":"WebPage","@id":"https:\/\/secretgarden-yoga.ch\/product\/gutscheine-fuer-einzelne-yogastunden\/","url":"https:\/\/secretgarden-yoga.ch\/product\/gutscheine-fuer-einzelne-yogastunden\/","name":"Gutscheine f\u00fcr einzelne Yogastunden - Secret Garden Yoga Studio","isPartOf":{"@id":"https:\/\/secretgarden-yoga.ch\/#website"},"primaryImageOfPage":{"@id":"https:\/\/secretgarden-yoga.ch\/product\/gutscheine-fuer-einzelne-yogastunden\/#primaryimage"},"image":{"@id":"https:\/\/secretgarden-yoga.ch\/product\/gutscheine-fuer-einzelne-yogastunden\/#primaryimage"},"thumbnailUrl":"https:\/\/secretgarden-yoga.ch\/wp-content\/uploads\/2024\/02\/Gutschein.jpeg","datePublished":"2024-02-10T11:53:06+00:00","dateModified":"2024-02-10T20:16:01+00:00","breadcrumb":{"@id":"https:\/\/secretgarden-yoga.ch\/product\/gutscheine-fuer-einzelne-yogastunden\/#breadcrumb"},"inLanguage":"en-US","potentialAction":[{"@type":"ReadAction","target":["https:\/\/secretgarden-yoga.ch\/product\/gutscheine-fuer-einzelne-yogastunden\/"]}]},{"@type":"ImageObject","inLanguage":"en-US","@id":"https:\/\/secretgarden-yoga.ch\/product\/gutscheine-fuer-einzelne-yogastunden\/#primaryimage","url":"https:\/\/secretgarden-yoga.ch\/wp-content\/uploads\/2024\/02\/Gutschein.jpeg","contentUrl":"https:\/\/secretgarden-yoga.ch\/wp-content\/uploads\/2024\/02\/Gutschein.jpeg","width":1024,"height":1024},{"@type":"BreadcrumbList","@id":"https:\/\/secretgarden-yoga.ch\/product\/gutscheine-fuer-einzelne-yogastunden\/#breadcrumb","itemListElement":[{"@type":"ListItem","position":1,"name":"Home","item":"https:\/\/secretgarden-yoga.ch\/"},{"@type":"ListItem","position":2,"name":"Shop","item":"https:\/\/secretgarden-yoga.ch\/shop\/"},{"@type":"ListItem","position":3,"name":"Gutscheine f\u00fcr einzelne Yogastunden"}]},{"@type":"WebSite","@id":"https:\/\/secretgarden-yoga.ch\/#website","url":"https:\/\/secretgarden-yoga.ch\/","name":"Secret Garden Yoga Studio","description":"A green oasis in the middle of Basel","publisher":{"@id":"https:\/\/secretgarden-yoga.ch\/#organization"},"potentialAction":[{"@type":"SearchAction","target":{"@type":"EntryPoint","urlTemplate":"https:\/\/secretgarden-yoga.ch\/?s={search_term_string}"},"query-input":{"@type":"PropertyValueSpecification","valueRequired":true,"valueName":"search_term_string"}}],"inLanguage":"en-US"},{"@type":"Organization","@id":"https:\/\/secretgarden-yoga.ch\/#organization","name":"Secret Garden Yoga Studio","url":"https:\/\/secretgarden-yoga.ch\/","logo":{"@type":"ImageObject","inLanguage":"en-US","@id":"https:\/\/secretgarden-yoga.ch\/#\/schema\/logo\/image\/","url":"https:\/\/secretgarden-yoga.ch\/wp-content\/uploads\/2022\/04\/lkbhWE01.svg","contentUrl":"https:\/\/secretgarden-yoga.ch\/wp-content\/uploads\/2022\/04\/lkbhWE01.svg","width":1350,"height":798,"caption":"Secret Garden Yoga Studio"},"image":{"@id":"https:\/\/secretgarden-yoga.ch\/#\/schema\/logo\/image\/"},"sameAs":["https:\/\/www.facebook.com\/secretgardenyogis","https:\/\/www.instagram.com\/secretgardenyogis\/"]}]}},"_links":{"self":[{"href":"https:\/\/secretgarden-yoga.ch\/en\/wp-json\/wp\/v2\/product\/2870","targetHints":{"allow":["GET"]}}],"collection":[{"href":"https:\/\/secretgarden-yoga.ch\/en\/wp-json\/wp\/v2\/product"}],"about":[{"href":"https:\/\/secretgarden-yoga.ch\/en\/wp-json\/wp\/v2\/types\/product"}],"replies":[{"embeddable":true,"href":"https:\/\/secretgarden-yoga.ch\/en\/wp-json\/wp\/v2\/comments?post=2870"}],"wp:featuredmedia":[{"embeddable":true,"href":"https:\/\/secretgarden-yoga.ch\/en\/wp-json\/wp\/v2\/media\/2966"}],"wp:attachment":[{"href":"https:\/\/secretgarden-yoga.ch\/en\/wp-json\/wp\/v2\/media?parent=2870"}],"wp:term":[{"taxonomy":"product_brand","embeddable":true,"href":"https:\/\/secretgarden-yoga.ch\/en\/wp-json\/wp\/v2\/product_brand?post=2870"},{"taxonomy":"product_cat","embeddable":true,"href":"https:\/\/secretgarden-yoga.ch\/en\/wp-json\/wp\/v2\/product_cat?post=2870"},{"taxonomy":"product_tag","embeddable":true,"href":"https:\/\/secretgarden-yoga.ch\/en\/wp-json\/wp\/v2\/product_tag?post=2870"}],"curies":[{"name":"wp","href":"https:\/\/api.w.org\/{rel}","templated":true}]}}